{"id":9752,"date":"2024-03-26T09:25:44","date_gmt":"2024-03-26T14:25:44","guid":{"rendered":"https:\/\/omendoza-immigration.com\/acerca-de\/"},"modified":"2024-04-29T19:07:13","modified_gmt":"2024-04-30T00:07:13","slug":"acerca-de","status":"publish","type":"page","link":"https:\/\/oscarmendozalaw.com\/es\/acerca-de\/","title":{"rendered":"Qui\u00e9nes somos"},"content":{"rendered":"\t\t<div data-elementor-type=\"wp-page\" data-elementor-id=\"9752\" class=\"elementor elementor-9752 elementor-9659\" data-elementor-post-type=\"page\">\n\t\t\t\t\t\t<section class=\"elementor-section elementor-top-section elementor-element elementor-element-7554f1a elementor-section-height-min-height elementor-section-boxed elementor-section-height-default elementor-section-items-middle\" data-id=\"7554f1a\" data-element_type=\"section\" data-e-type=\"section\" id=\"hero_com\" data-settings=\"{&quot;background_background&quot;:&quot;classic&quot;}\">\n\t\t\t\t\t\t<div class=\"elementor-container elementor-column-gap-wider\">\n\t\t\t\t\t<div class=\"elementor-column elementor-col-50 elementor-top-column elementor-element elementor-element-606d24f\" data-id=\"606d24f\" data-element_type=\"column\" data-e-type=\"column\">\n\t\t\t<div class=\"elementor-widget-wrap elementor-element-populated\">\n\t\t\t\t\t\t<div class=\"elementor-element elementor-element-c35e27a elementor-widget__width-initial elementor-widget elementor-widget-image\" data-id=\"c35e27a\" data-element_type=\"widget\" data-e-type=\"widget\" data-widget_type=\"image.default\">\n\t\t\t\t<div class=\"elementor-widget-container\">\n\t\t\t\t\t\t\t\t\t\t\t\t\t\t\t<img fetchpriority=\"high\" decoding=\"async\" width=\"500\" height=\"500\" src=\"https:\/\/oscarmendozalaw.com\/wp-content\/uploads\/2024\/03\/Oscar-Mendoza-PNG.png\" class=\"attachment-large size-large wp-image-8939\" alt=\"Oscar Mendoza\" srcset=\"https:\/\/oscarmendozalaw.com\/wp-content\/uploads\/2024\/03\/Oscar-Mendoza-PNG.png 500w, https:\/\/oscarmendozalaw.com\/wp-content\/uploads\/2024\/03\/Oscar-Mendoza-PNG-300x300.png 300w, https:\/\/oscarmendozalaw.com\/wp-content\/uploads\/2024\/03\/Oscar-Mendoza-PNG-150x150.png 150w\" sizes=\"(max-width: 500px) 100vw, 500px\" \/>\t\t\t\t\t\t\t\t\t\t\t\t\t\t\t<\/div>\n\t\t\t\t<\/div>\n\t\t\t\t<div class=\"elementor-element elementor-element-f2cda4a elementor-widget__width-initial elementor-widget elementor-widget-heading\" data-id=\"f2cda4a\" data-element_type=\"widget\" data-e-type=\"widget\" data-widget_type=\"heading.default\">\n\t\t\t\t<div class=\"elementor-widget-container\">\n\t\t\t\t\t<h1 class=\"elementor-heading-title elementor-size-default\">La experiencia de Oscar Mendoza: Su abogado de inmigraci\u00f3n de confianza para un camino sin problemas a un futuro m\u00e1s brillante<\/h1>\t\t\t\t<\/div>\n\t\t\t\t<\/div>\n\t\t\t\t\t<\/div>\n\t\t<\/div>\n\t\t\t\t<div class=\"elementor-column elementor-col-50 elementor-top-column elementor-element elementor-element-df6c9fd\" data-id=\"df6c9fd\" data-element_type=\"column\" data-e-type=\"column\">\n\t\t\t<div class=\"elementor-widget-wrap elementor-element-populated\">\n\t\t\t\t\t\t<div class=\"elementor-element elementor-element-082bea4 elementor-widget elementor-widget-image\" data-id=\"082bea4\" data-element_type=\"widget\" data-e-type=\"widget\" data-widget_type=\"image.default\">\n\t\t\t\t<div class=\"elementor-widget-container\">\n\t\t\t\t\t\t\t\t\t\t\t\t\t\t\t<img decoding=\"async\" width=\"538\" height=\"352\" src=\"https:\/\/oscarmendozalaw.com\/wp-content\/uploads\/2022\/12\/logoomendozabanner.png\" class=\"attachment-large size-large wp-image-8714\" alt=\"\" srcset=\"https:\/\/oscarmendozalaw.com\/wp-content\/uploads\/2022\/12\/logoomendozabanner.png 538w, https:\/\/oscarmendozalaw.com\/wp-content\/uploads\/2022\/12\/logoomendozabanner-300x196.png 300w\" sizes=\"(max-width: 538px) 100vw, 538px\" \/>\t\t\t\t\t\t\t\t\t\t\t\t\t\t\t<\/div>\n\t\t\t\t<\/div>\n\t\t\t\t<div class=\"elementor-element elementor-element-fce7b55 elementor-button-align-stretch elementor-widget elementor-widget-global elementor-global-10491 elementor-global-10217 elementor-widget-form\" data-id=\"fce7b55\" data-element_type=\"widget\" data-e-type=\"widget\" data-settings=\"{&quot;step_next_label&quot;:&quot;Siguiente&quot;,&quot;step_previous_label&quot;:&quot;Anterior&quot;,&quot;button_width&quot;:&quot;100&quot;,&quot;step_type&quot;:&quot;number_text&quot;,&quot;step_icon_shape&quot;:&quot;circle&quot;}\" data-widget_type=\"form.default\">\n\t\t\t\t<div class=\"elementor-widget-container\">\n\t\t\t\t\t\t\t<form class=\"elementor-form\" method=\"post\" id=\"oscar_c_top\" name=\"OM C Superior\" aria-label=\"OM C Superior\">\n\t\t\t<input type=\"hidden\" name=\"post_id\" value=\"9752\"\/>\n\t\t\t<input type=\"hidden\" name=\"form_id\" value=\"fce7b55\"\/>\n\t\t\t<input type=\"hidden\" name=\"referer_title\" value=\"\" \/>\n\n\t\t\t\n\t\t\t<div class=\"elementor-form-fields-wrapper elementor-labels-above\">\n\t\t\t\t\t\t\t\t<div class=\"elementor-field-type-text elementor-field-group elementor-column elementor-field-group-fname1 elementor-col-50 elementor-field-required\">\n\t\t\t\t\t\t\t\t\t\t\t\t<label for=\"form-field-fname1\" class=\"elementor-field-label\">\n\t\t\t\t\t\t\t\tNombre\t\t\t\t\t\t\t<\/label>\n\t\t\t\t\t\t\t\t\t\t\t\t\t\t<input size=\"1\" type=\"text\" name=\"form_fields[fname1]\" id=\"form-field-fname1\" class=\"elementor-field elementor-size-sm  elementor-field-textual\" placeholder=\"Nombre\" required=\"required\">\n\t\t\t\t\t\t\t\t\t\t\t<\/div>\n\t\t\t\t\t\t\t\t<div class=\"elementor-field-type-text elementor-field-group elementor-column elementor-field-group-lname1 elementor-col-50 elementor-field-required\">\n\t\t\t\t\t\t\t\t\t\t\t\t<label for=\"form-field-lname1\" class=\"elementor-field-label\">\n\t\t\t\t\t\t\t\tApellido\t\t\t\t\t\t\t<\/label>\n\t\t\t\t\t\t\t\t\t\t\t\t\t\t<input size=\"1\" type=\"text\" name=\"form_fields[lname1]\" id=\"form-field-lname1\" class=\"elementor-field elementor-size-sm  elementor-field-textual\" placeholder=\"Apellido\" required=\"required\">\n\t\t\t\t\t\t\t\t\t\t\t<\/div>\n\t\t\t\t\t\t\t\t<div class=\"elementor-field-type-text\">\n\t\t\t\t\t<input size=\"1\" type=\"text\" name=\"form_fields[field_4ed62e9]\" id=\"form-field-field_4ed62e9\" class=\"elementor-field elementor-size-sm \" style=\"display:none !important;\">\t\t\t\t<\/div>\n\t\t\t\t\t\t\t\t<div class=\"elementor-field-type-tel elementor-field-group elementor-column elementor-field-group-phone1 elementor-col-50 elementor-field-required\">\n\t\t\t\t\t\t\t\t\t\t\t\t<label for=\"form-field-phone1\" class=\"elementor-field-label\">\n\t\t\t\t\t\t\t\tN\u00famero de tel\u00e9fono\t\t\t\t\t\t\t<\/label>\n\t\t\t\t\t\t\t\t<input size=\"1\" type=\"tel\" name=\"form_fields[phone1]\" id=\"form-field-phone1\" class=\"elementor-field elementor-size-sm  elementor-field-textual\" placeholder=\"Tel\u00e9fono\" required=\"required\" pattern=\"[0-9()#&amp;+*-=.]+\" title=\"Solo se aceptan n\u00fameros y caracteres de tel\u00e9fono (#,-,*,etc).\">\n\n\t\t\t\t\t\t<\/div>\n\t\t\t\t\t\t\t\t<div class=\"elementor-field-type-email elementor-field-group elementor-column elementor-field-group-email1 elementor-col-50\">\n\t\t\t\t\t\t\t\t\t\t\t\t<label for=\"form-field-email1\" class=\"elementor-field-label\">\n\t\t\t\t\t\t\t\tCorreo electr\u00f3nico\t\t\t\t\t\t\t<\/label>\n\t\t\t\t\t\t\t\t\t\t\t\t\t\t<input size=\"1\" type=\"email\" name=\"form_fields[email1]\" id=\"form-field-email1\" class=\"elementor-field elementor-size-sm  elementor-field-textual\" placeholder=\"Correo electr\u00f3nico\">\n\t\t\t\t\t\t\t\t\t\t\t<\/div>\n\t\t\t\t\t\t\t\t<div class=\"elementor-field-type-text\">\n\t\t\t\t\t<input size=\"1\" type=\"text\" name=\"form_fields[field_1dc7ac4]\" id=\"form-field-field_1dc7ac4\" class=\"elementor-field elementor-size-sm \" style=\"display:none !important;\">\t\t\t\t<\/div>\n\t\t\t\t\t\t\t\t<div class=\"elementor-field-type-textarea elementor-field-group elementor-column elementor-field-group-message1 elementor-col-100\">\n\t\t\t\t\t\t\t\t\t\t\t\t<label for=\"form-field-message1\" class=\"elementor-field-label\">\n\t\t\t\t\t\t\t\tDetalles del caso\t\t\t\t\t\t\t<\/label>\n\t\t\t\t\t\t<textarea class=\"elementor-field-textual elementor-field  elementor-size-sm\" name=\"form_fields[message1]\" id=\"form-field-message1\" rows=\"4\" placeholder=\"Detalles del caso\"><\/textarea>\t\t\t\t<\/div>\n\t\t\t\t\t\t\t\t<div class=\"elementor-field-type-recaptcha_v3 elementor-field-group elementor-column elementor-field-group-field_1d18a62 elementor-col-100 recaptcha_v3-bottomright\">\n\t\t\t\t\t<div class=\"elementor-field\" id=\"form-field-field_1d18a62\"><div class=\"elementor-g-recaptcha\" data-sitekey=\"6LcO8vApAAAAAFQmNNWigofCVQTIpYB0iZIN70hk\" data-type=\"v3\" data-action=\"Form\" data-badge=\"bottomright\" data-size=\"invisible\"><\/div><\/div>\t\t\t\t<\/div>\n\t\t\t\t\t\t\t\t<div class=\"elementor-field-group elementor-column elementor-field-type-submit elementor-col-100 e-form__buttons\">\n\t\t\t\t\t<button class=\"elementor-button elementor-size-lg\" type=\"submit\">\n\t\t\t\t\t\t<span class=\"elementor-button-content-wrapper\">\n\t\t\t\t\t\t\t\t\t\t\t\t\t\t\t\t\t\t\t\t\t\t<span class=\"elementor-button-text\">Empieza con una consulta<\/span>\n\t\t\t\t\t\t\t\t\t\t\t\t\t<\/span>\n\t\t\t\t\t<\/button>\n\t\t\t\t<\/div>\n\t\t\t<\/div>\n\t\t<\/form>\n\t\t\t\t\t\t<\/div>\n\t\t\t\t<\/div>\n\t\t\t\t\t<\/div>\n\t\t<\/div>\n\t\t\t\t\t<\/div>\n\t\t<\/section>\n\t\t\t\t<section class=\"elementor-section elementor-top-section elementor-element elementor-element-8abb613 elementor-section-full_width elementor-section-height-default elementor-section-height-default\" data-id=\"8abb613\" data-element_type=\"section\" data-e-type=\"section\">\n\t\t\t\t\t\t<div class=\"elementor-container elementor-column-gap-default\">\n\t\t\t\t\t<div class=\"elementor-column elementor-col-33 elementor-top-column elementor-element elementor-element-9a831ac\" data-id=\"9a831ac\" data-element_type=\"column\" data-e-type=\"column\">\n\t\t\t<div class=\"elementor-widget-wrap elementor-element-populated\">\n\t\t\t\t\t\t<div class=\"elementor-element elementor-element-7440470 elementor-widget elementor-widget-image\" data-id=\"7440470\" data-element_type=\"widget\" data-e-type=\"widget\" data-settings=\"{&quot;sticky&quot;:&quot;top&quot;,&quot;sticky_on&quot;:[&quot;desktop&quot;,&quot;tablet&quot;,&quot;mobile&quot;],&quot;sticky_offset&quot;:0,&quot;sticky_effects_offset&quot;:0,&quot;sticky_anchor_link_offset&quot;:0}\" data-widget_type=\"image.default\">\n\t\t\t\t<div class=\"elementor-widget-container\">\n\t\t\t\t\t\t\t\t\t\t\t\t\t\t\t<img decoding=\"async\" width=\"1024\" height=\"683\" src=\"https:\/\/oscarmendozalaw.com\/wp-content\/uploads\/2024\/03\/1F5A0118-1024x683.jpg\" class=\"attachment-large size-large wp-image-9736\" alt=\"Oscar Mendoza\" srcset=\"https:\/\/oscarmendozalaw.com\/wp-content\/uploads\/2024\/03\/1F5A0118-1024x683.jpg 1024w, https:\/\/oscarmendozalaw.com\/wp-content\/uploads\/2024\/03\/1F5A0118-300x200.jpg 300w, https:\/\/oscarmendozalaw.com\/wp-content\/uploads\/2024\/03\/1F5A0118-768x512.jpg 768w, https:\/\/oscarmendozalaw.com\/wp-content\/uploads\/2024\/03\/1F5A0118-1536x1024.jpg 1536w, https:\/\/oscarmendozalaw.com\/wp-content\/uploads\/2024\/03\/1F5A0118-2048x1365.jpg 2048w\" sizes=\"(max-width: 1024px) 100vw, 1024px\" \/>\t\t\t\t\t\t\t\t\t\t\t\t\t\t\t<\/div>\n\t\t\t\t<\/div>\n\t\t\t\t\t<\/div>\n\t\t<\/div>\n\t\t\t\t<div class=\"elementor-column elementor-col-66 elementor-top-column elementor-element elementor-element-94d5ea2\" data-id=\"94d5ea2\" data-element_type=\"column\" data-e-type=\"column\">\n\t\t\t<div class=\"elementor-widget-wrap elementor-element-populated\">\n\t\t\t\t\t\t<div class=\"elementor-element elementor-element-d21a91a elementor-widget elementor-widget-heading\" data-id=\"d21a91a\" data-element_type=\"widget\" data-e-type=\"widget\" data-widget_type=\"heading.default\">\n\t\t\t\t<div class=\"elementor-widget-container\">\n\t\t\t\t\t<h2 class=\"elementor-heading-title elementor-size-default\">Oscar Mendoza<\/h2>\t\t\t\t<\/div>\n\t\t\t\t<\/div>\n\t\t\t\t<div class=\"elementor-element elementor-element-c53aeee elementor-widget elementor-widget-text-editor\" data-id=\"c53aeee\" data-element_type=\"widget\" data-e-type=\"widget\" data-widget_type=\"text-editor.default\">\n\t\t\t\t<div class=\"elementor-widget-container\">\n\t\t\t\t\t\t\t\t\t<p>Abogado de Inmigraci\u00f3n, Propietario y Presidente del Bufete de Oscar Mendoza<\/p>\n\t\t\t\t\t\t\t\t<\/div>\n\t\t\t\t<\/div>\n\t\t\t\t<div class=\"elementor-element elementor-element-35ceabe elementor-widget elementor-widget-text-editor\" data-id=\"35ceabe\" data-element_type=\"widget\" data-e-type=\"widget\" data-widget_type=\"text-editor.default\">\n\t\t\t\t<div class=\"elementor-widget-container\">\n\t\t\t\t\t\t\t\t\t<p>Oscar Mendoza es el Propietario y Presidente del Bufete de Oscar Mendoza. Aporta m\u00e1s de 10 a\u00f1os de experiencia en el \u00e1rea de Derecho de Inmigraci\u00f3n. La pr\u00e1ctica del Sr. Mendoza hace hincapi\u00e9 en la empat\u00eda, la compasi\u00f3n y la resoluci\u00f3n fuerte cuando se trata de \u00e9xito de inmigraci\u00f3n para sus clientes.<\/p>\n\t\t\t\t\t\t\t\t<\/div>\n\t\t\t\t<\/div>\n\t\t\t\t<div class=\"elementor-element elementor-element-18af5a7 elementor-widget elementor-widget-text-editor\" data-id=\"18af5a7\" data-element_type=\"widget\" data-e-type=\"widget\" data-widget_type=\"text-editor.default\">\n\t\t\t\t<div class=\"elementor-widget-container\">\n\t\t\t\t\t\t\t\t\t<p dir=\"ltr\">Le presentamos a Oscar Mendoza, el abogado de inmigraci\u00f3n en el que puede confiar para que le gu\u00ede a trav\u00e9s de las complejidades del proceso de inmigraci\u00f3n y allane el camino hacia un futuro mejor. Con a\u00f1os de experiencia y un profundo conocimiento de la ley de inmigraci\u00f3n, Mendoza se ha consolidado como un reputado experto en la materia. Si usted est\u00e1 buscando una visa, persiguiendo una tarjeta verde, o frente a la deportaci\u00f3n, la experiencia y la dedicaci\u00f3n de Mendoza se asegurar\u00e1 de que usted reciba orientaci\u00f3n personalizada y el mejor resultado posible.<\/p>\n<p dir=\"ltr\">El Sr. Mendoza comenz\u00f3 su carrera legal en ACU\u00d1A, LANE, VALDEZ Y ASOCIADOS en 2011 como asistente legal y ascendi\u00f3 a abogado asociado en s\u00f3lo 3 a\u00f1os todo mientras estudiaba derecho.<\/p>\n<p dir=\"ltr\">Obtuvo su doctorado en Derecho en el Centro de Derecho de la Universidad de Houston en 2014. En 2016 quiso buscar un papel m\u00e1s satisfactorio y se uni\u00f3 a RAICES (Refugee and Immigrant Center for Education and Legal Services en Dallas, TX, y fue abogado residente.<\/p>\n<p dir=\"ltr\">En 2020 Oscar abri\u00f3 su propia pr\u00e1ctica pr\u00f3spera, La Oficina de Abogados de Oscar Mendoza, y desde entonces ha ayudado a cientos de inmigrantes a tener \u00e9xito en su viaje a la residencia o el empleo.<\/p>\n<p dir=\"ltr\">En un mundo donde las leyes de inmigraci\u00f3n est\u00e1n en constante cambio y cada vez m\u00e1s complejo, tener un abogado de confianza como Oscar Mendoza a su lado puede hacer un mundo de diferencia. El compromiso de Mendoza de proporcionar una representaci\u00f3n legal excepcional y su genuina preocupaci\u00f3n por el \u00e9xito de sus clientes lo distingue de otros en el campo. Su amplio conocimiento de la ley de inmigraci\u00f3n y su pasi\u00f3n por ayudar a individuos y familias a alcanzar sus sue\u00f1os le han ganado una s\u00f3lida reputaci\u00f3n como abogado de inmigraci\u00f3n.<\/p>\n<p dir=\"ltr\">Cuando se trata de navegar por el sistema de inmigraci\u00f3n, usted merece un abogado experto y capacitado que luchar\u00e1 por sus derechos y abogar\u00e1 por sus mejores intereses. Descubra la experiencia de Oscar Mendoza y emprenda un camino m\u00e1s f\u00e1cil hacia un futuro mejor.<\/p>\n\t\t\t\t\t\t\t\t<\/div>\n\t\t\t\t<\/div>\n\t\t\t\t<div class=\"elementor-element elementor-element-2a75c60 elementor-widget elementor-widget-heading\" data-id=\"2a75c60\" data-element_type=\"widget\" data-e-type=\"widget\" data-widget_type=\"heading.default\">\n\t\t\t\t<div class=\"elementor-widget-container\">\n\t\t\t\t\t<h2 class=\"elementor-heading-title elementor-size-default\">Premios y reconocimientos<\/h2>\t\t\t\t<\/div>\n\t\t\t\t<\/div>\n\t\t\t\t<div class=\"elementor-element elementor-element-e78e625 elementor-widget elementor-widget-text-editor\" data-id=\"e78e625\" data-element_type=\"widget\" data-e-type=\"widget\" data-widget_type=\"text-editor.default\">\n\t\t\t\t<div class=\"elementor-widget-container\">\n\t\t\t\t\t\t\t\t\t<ul>\n<li><b>Becaria Sam Williamson de la Cl\u00ednica de Inmigraci\u00f3n de la UHLC,<\/b> <b><br \/>\n  <i>Primavera de 2013<\/i><br \/>\n<\/b><\/li>\n<li><b>Becario de la Conferencia de la Asociaci\u00f3n Nacional de Abogados Hispanos<\/b><span style=\"font-weight: 400;\">,<\/span> <b><br \/>\n  <i>Agosto 2011<\/i><br \/>\n<\/b><\/li>\n<\/ul>\n\t\t\t\t\t\t\t\t<\/div>\n\t\t\t\t<\/div>\n\t\t\t\t<div class=\"elementor-element elementor-element-0b90c17 elementor-widget elementor-widget-heading\" data-id=\"0b90c17\" data-element_type=\"widget\" data-e-type=\"widget\" data-widget_type=\"heading.default\">\n\t\t\t\t<div class=\"elementor-widget-container\">\n\t\t\t\t\t<h2 class=\"elementor-heading-title elementor-size-default\">Educaci\u00f3n<\/h2>\t\t\t\t<\/div>\n\t\t\t\t<\/div>\n\t\t\t\t<div class=\"elementor-element elementor-element-473dba8 elementor-widget elementor-widget-text-editor\" data-id=\"473dba8\" data-element_type=\"widget\" data-e-type=\"widget\" data-widget_type=\"text-editor.default\">\n\t\t\t\t<div class=\"elementor-widget-container\">\n\t\t\t\t\t\t\t\t\t<ul>\n<li><b>CENTRO DE DERECHO DE LA UNIVERSIDAD DE HOUSTON<\/b> <b>&#8211; Doctorado en Derecho &#8211; <\/b><b><br \/>\n  <i>Mayo de 2014<\/i><br \/>\n<\/b><span style=\"font-weight: 400;\"> <\/span><\/li>\n<li><b>UNIVERSIDAD DE DALLAS<\/b> <b>&#8211; Licenciatura en Qu\u00edmica-<\/b><b><br \/>\n  <i>Mayo 2008<\/i><br \/>\n<\/b><\/li>\n<\/ul>\n\t\t\t\t\t\t\t\t<\/div>\n\t\t\t\t<\/div>\n\t\t\t\t<div class=\"elementor-element elementor-element-67999b6 elementor-widget elementor-widget-heading\" data-id=\"67999b6\" data-element_type=\"widget\" data-e-type=\"widget\" data-widget_type=\"heading.default\">\n\t\t\t\t<div class=\"elementor-widget-container\">\n\t\t\t\t\t<h2 class=\"elementor-heading-title elementor-size-default\">Informaci\u00f3n sobre el Colegio de Abogados de Texas<\/h2>\t\t\t\t<\/div>\n\t\t\t\t<\/div>\n\t\t\t\t<div class=\"elementor-element elementor-element-4c8e9bc elementor-widget elementor-widget-text-editor\" data-id=\"4c8e9bc\" data-element_type=\"widget\" data-e-type=\"widget\" data-widget_type=\"text-editor.default\">\n\t\t\t\t<div class=\"elementor-widget-container\">\n\t\t\t\t\t\t\t\t\t<p><strong>N\u00famero de carn\u00e9:<\/strong> 24093631<br \/><strong>TX Fecha de licencia:<\/strong> 12\/04\/2014<\/p>\n<p><strong>Ubicaci\u00f3n principal de la pr\u00e1ctica:<\/strong> Dallas , Texas<\/p>\n<p class=\"areas\"><strong>\u00c1reas de pr\u00e1ctica: <\/strong>Penal, Inmigraci\u00f3n<\/p>\n<p><strong><br \/>\n  <span class=\"label\">Perfil estatutario Certificado por \u00faltima vez el: <\/span><br \/>\n<\/strong>07\/09\/2022<\/p>\n\t\t\t\t\t\t\t\t<\/div>\n\t\t\t\t<\/div>\n\t\t\t\t\t<\/div>\n\t\t<\/div>\n\t\t\t\t\t<\/div>\n\t\t<\/section>\n\t\t\t\t<\/div>\n\t\t","protected":false},"excerpt":{"rendered":"<p>La experiencia de Oscar Mendoza: Su abogado de inmigraci\u00f3n de confianza para un camino sin problemas a un futuro m\u00e1s [&hellip;]<\/p>\n","protected":false},"author":123458,"featured_media":9695,"parent":0,"menu_order":0,"comment_status":"closed","ping_status":"closed","template":"elementor_header_footer","meta":{"site-sidebar-layout":"no-sidebar","site-content-layout":"","ast-site-content-layout":"full-width-container","site-content-style":"default","site-sidebar-style":"default","ast-global-header-display":"","ast-banner-title-visibility":"","ast-main-header-display":"","ast-hfb-above-header-display":"","ast-hfb-below-header-display":"","ast-hfb-mobile-header-display":"","site-post-title":"disabled","ast-breadcrumbs-content":"","ast-featured-img":"disabled","footer-sml-layout":"","ast-disable-related-posts":"","theme-transparent-header-meta":"","adv-header-id-meta":"","stick-header-meta":"","header-above-stick-meta":"","header-main-stick-meta":"","header-below-stick-meta":"","astra-migrate-meta-layouts":"default","ast-page-background-enabled":"default","ast-page-background-meta":{"desktop":{"background-color":"var(--ast-global-color-4)","background-image":"","background-repeat":"repeat","background-position":"center center","background-size":"auto","background-attachment":"scroll","background-type":"","background-media":"","overlay-type":"","overlay-color":"","overlay-opacity":"","overlay-gradient":""},"tablet":{"background-color":"","background-image":"","background-repeat":"repeat","background-position":"center center","background-size":"auto","background-attachment":"scroll","background-type":"","background-media":"","overlay-type":"","overlay-color":"","overlay-opacity":"","overlay-gradient":""},"mobile":{"background-color":"","background-image":"","background-repeat":"repeat","background-position":"center center","background-size":"auto","background-attachment":"scroll","background-type":"","background-media":"","overlay-type":"","overlay-color":"","overlay-opacity":"","overlay-gradient":""}},"ast-content-background-meta":{"desktop":{"background-color":"var(--ast-global-color-5)","background-image":"","background-repeat":"repeat","background-position":"center center","background-size":"auto","background-attachment":"scroll","background-type":"","background-media":"","overlay-type":"","overlay-color":"","overlay-opacity":"","overlay-gradient":""},"tablet":{"background-color":"var(--ast-global-color-5)","background-image":"","background-repeat":"repeat","background-position":"center center","background-size":"auto","background-attachment":"scroll","background-type":"","background-media":"","overlay-type":"","overlay-color":"","overlay-opacity":"","overlay-gradient":""},"mobile":{"background-color":"var(--ast-global-color-5)","background-image":"","background-repeat":"repeat","background-position":"center center","background-size":"auto","background-attachment":"scroll","background-type":"","background-media":"","overlay-type":"","overlay-color":"","overlay-opacity":"","overlay-gradient":""}},"_joinchat":[],"footnotes":""},"class_list":["post-9752","page","type-page","status-publish","has-post-thumbnail","hentry"],"_links":{"self":[{"href":"https:\/\/oscarmendozalaw.com\/es\/wp-json\/wp\/v2\/pages\/9752","targetHints":{"allow":["GET"]}}],"collection":[{"href":"https:\/\/oscarmendozalaw.com\/es\/wp-json\/wp\/v2\/pages"}],"about":[{"href":"https:\/\/oscarmendozalaw.com\/es\/wp-json\/wp\/v2\/types\/page"}],"author":[{"embeddable":true,"href":"https:\/\/oscarmendozalaw.com\/es\/wp-json\/wp\/v2\/users\/123458"}],"replies":[{"embeddable":true,"href":"https:\/\/oscarmendozalaw.com\/es\/wp-json\/wp\/v2\/comments?post=9752"}],"version-history":[{"count":2,"href":"https:\/\/oscarmendozalaw.com\/es\/wp-json\/wp\/v2\/pages\/9752\/revisions"}],"predecessor-version":[{"id":10354,"href":"https:\/\/oscarmendozalaw.com\/es\/wp-json\/wp\/v2\/pages\/9752\/revisions\/10354"}],"wp:featuredmedia":[{"embeddable":true,"href":"https:\/\/oscarmendozalaw.com\/es\/wp-json\/wp\/v2\/media\/9695"}],"wp:attachment":[{"href":"https:\/\/oscarmendozalaw.com\/es\/wp-json\/wp\/v2\/media?parent=9752"}],"curies":[{"name":"wp","href":"https:\/\/api.w.org\/{rel}","templated":true}]}}