{"id":8838,"date":"2024-03-08T16:54:58","date_gmt":"2024-03-08T22:54:58","guid":{"rendered":"https:\/\/omendoza-immigration.com\/politica-de-privacidad\/"},"modified":"2025-05-06T15:43:31","modified_gmt":"2025-05-06T20:43:31","slug":"privacy-policy","status":"publish","type":"page","link":"https:\/\/oscarmendozalaw.com\/es\/privacy-policy\/","title":{"rendered":"Pol\u00edtica de privacidad"},"content":{"rendered":"\t\t<div data-elementor-type=\"wp-page\" data-elementor-id=\"8838\" class=\"elementor elementor-8838 elementor-8653\" data-elementor-post-type=\"page\">\n\t\t\t\t\t\t<section class=\"elementor-section elementor-top-section elementor-element elementor-element-9df20fb elementor-section-boxed elementor-section-height-default elementor-section-height-default\" data-id=\"9df20fb\" data-element_type=\"section\" data-e-type=\"section\">\n\t\t\t\t\t\t<div class=\"elementor-container elementor-column-gap-default\">\n\t\t\t\t\t<div class=\"elementor-column elementor-col-100 elementor-top-column elementor-element elementor-element-f5a3f16\" data-id=\"f5a3f16\" data-element_type=\"column\" data-e-type=\"column\">\n\t\t\t<div class=\"elementor-widget-wrap elementor-element-populated\">\n\t\t\t\t\t\t<div class=\"elementor-element elementor-element-e73def9 elementor-widget elementor-widget-heading\" data-id=\"e73def9\" data-element_type=\"widget\" data-e-type=\"widget\" data-widget_type=\"heading.default\">\n\t\t\t\t<div class=\"elementor-widget-container\">\n\t\t\t\t\t<h1 class=\"elementor-heading-title elementor-size-default\">Pol\u00edtica de privacidad<\/h1>\t\t\t\t<\/div>\n\t\t\t\t<\/div>\n\t\t\t\t<div class=\"elementor-element elementor-element-47b61ea elementor-widget-divider--view-line elementor-widget elementor-widget-divider\" data-id=\"47b61ea\" data-element_type=\"widget\" data-e-type=\"widget\" data-widget_type=\"divider.default\">\n\t\t\t\t<div class=\"elementor-widget-container\">\n\t\t\t\t\t\t\t<div class=\"elementor-divider\">\n\t\t\t<span class=\"elementor-divider-separator\">\n\t\t\t\t\t\t<\/span>\n\t\t<\/div>\n\t\t\t\t\t\t<\/div>\n\t\t\t\t<\/div>\n\t\t\t\t<div class=\"elementor-element elementor-element-bee6b83 text elementor-widget elementor-widget-text-editor\" data-id=\"bee6b83\" data-element_type=\"widget\" data-e-type=\"widget\" data-widget_type=\"text-editor.default\">\n\t\t\t\t<div class=\"elementor-widget-container\">\n\t\t\t\t\t\t\t\t\t<p>Somos conscientes de que puede preocuparle el uso y la divulgaci\u00f3n que hacemos de su informaci\u00f3n personal. Su privacidad es muy importante para nosotros, y la siguiente le informar\u00e1 de la informaci\u00f3n que nosotros, El Bufete de Oscar Mendoza, puede recopilar de usted, y c\u00f3mo se utiliza. Al utilizar nuestro sitio web, <a href=\"https:\/\/omendoza-immigration.com\/\" rel=\"noopener\">omendoza-immigration.com<\/a>, usted acepta las pr\u00e1cticas descritas en esta pol\u00edtica.<\/p>\n<h2>Recogida de informaci\u00f3n<\/h2>\n<p>Podemos recopilar informaci\u00f3n no personal, como el nombre de dominio y la direcci\u00f3n IP. El nombre de dominio y la direcci\u00f3n IP no revelan nada personal sobre usted, salvo la direcci\u00f3n IP desde la que ha accedido a nuestro sitio. Tambi\u00e9n podemos recopilar informaci\u00f3n sobre el tipo de navegador de Internet que utiliza, el sistema operativo, qu\u00e9 le llev\u00f3 a nuestro sitio web, as\u00ed como a cu\u00e1les de nuestras p\u00e1ginas web ha accedido.<\/p>\n<p>Adem\u00e1s, si se comunica con nosotros en relaci\u00f3n con nuestro sitio web o nuestros servicios, recopilaremos cualquier informaci\u00f3n que nos proporcione en dicha comunicaci\u00f3n.<\/p>\n<p>Es posible que en el futuro nos pongamos en contacto con usted por correo electr\u00f3nico para informarle de ofertas especiales, nuevos productos o servicios, o cambios en esta pol\u00edtica de privacidad.<\/p>\n<h2>Uso de la informaci\u00f3n<\/h2>\n<p>Utilizamos la informaci\u00f3n recopilada principalmente para nuestros propios fines internos, como proporcionar, mantener, evaluar y mejorar nuestros servicios y el sitio web, satisfacer las solicitudes de informaci\u00f3n y proporcionar atenci\u00f3n al cliente.<\/p>\n<h2>Seguridad<\/h2>\n<p>Seguimos las normas industriales generalmente aceptadas para proteger la informaci\u00f3n que se nos env\u00eda, tanto durante la transmisi\u00f3n como una vez recibida.<\/p>\n<p>Si recopilamos informaci\u00f3n sensible (como datos de tarjetas de cr\u00e9dito), esa informaci\u00f3n se cifra y se nos transmite de forma segura. Puede comprobarlo buscando un icono de candado cerrado en la parte inferior de su navegador o buscando \u00abhttps\u00bb al principio de la direcci\u00f3n de la p\u00e1gina web.<\/p>\n<p>Aunque utilizamos el cifrado para proteger la informaci\u00f3n confidencial transmitida en l\u00ednea, tambi\u00e9n protegemos su informaci\u00f3n fuera de l\u00ednea. S\u00f3lo los empleados que necesitan la informaci\u00f3n para realizar un trabajo espec\u00edfico (por ejemplo, facturaci\u00f3n o atenci\u00f3n al cliente) tienen acceso a la informaci\u00f3n de identificaci\u00f3n personal. Los ordenadores\/servidores en los que almacenamos informaci\u00f3n personal identificable se mantienen en un entorno seguro.<\/p>\n<h2>Cookies<\/h2>\n<p>En este sitio utilizamos \u00abcookies\u00bb. Una cookie es un fragmento de datos que se almacena en el disco duro del visitante de un sitio para ayudarnos a mejorar su acceso a nuestro sitio e identificar a los visitantes recurrentes del mismo. Por ejemplo, cuando utilizamos una cookie para identificarle, no tendr\u00eda que introducir una contrase\u00f1a m\u00e1s de una vez, con lo que ahorrar\u00eda tiempo mientras est\u00e1 en nuestro sitio. Las cookies tambi\u00e9n nos permiten rastrear y orientar los intereses de nuestros usuarios para mejorar la experiencia en nuestro sitio. El uso de una cookie no est\u00e1 vinculado en modo alguno a ninguna informaci\u00f3n personal identificable en nuestro sitio.<\/p>\n<h2>Compartir<\/h2>\n<p>No venderemos ni facilitaremos de ning\u00fan otro modo la informaci\u00f3n que recopilemos a terceros con fines de marketing masivo directo o indirecto por correo electr\u00f3nico.<\/p>\n<p>Divulgaremos informaci\u00f3n personal y\/o una direcci\u00f3n IP, cuando lo exija la ley o en la creencia de buena fe de que dicha acci\u00f3n es necesaria para:<\/p>\n<ul>\n<li>Cooperar con las investigaciones de supuestas actividades ilegales y ajustarse a los edictos de la ley o cumplir con los procesos legales notificados a nuestra empresa.<\/li>\n<li>Proteger y defender los derechos o la propiedad de nuestro sitio web y propiedades relacionadas.<\/li>\n<li>Identificar a personas que puedan estar infringiendo la ley, los derechos de terceros o haciendo un uso indebido de nuestro sitio web o de sus propiedades relacionadas.<\/li>\n<\/ul>\n<p>Tenga en cuenta que siempre que revele voluntariamente informaci\u00f3n personal en l\u00ednea -por ejemplo, a trav\u00e9s del correo electr\u00f3nico, foros de debate o cualquier otro medio-, esa informaci\u00f3n puede ser recopilada y utilizada por terceros. En resumen, si publica informaci\u00f3n personal en l\u00ednea que es accesible al p\u00fablico, puede recibir a cambio mensajes no solicitados de otras partes.<\/p>\n<p>En \u00faltima instancia, usted es el \u00fanico responsable de mantener en secreto su informaci\u00f3n personal. Tenga cuidado y sea responsable siempre que est\u00e9 en l\u00ednea.<\/p>\n<h2>Enlaces<\/h2>\n<p>Este sitio web puede contener enlaces a otros sitios. Tenga en cuenta que no somos responsables del contenido ni de las pr\u00e1cticas de privacidad de esos otros sitios. Animamos a nuestros usuarios a estar atentos cuando abandonen nuestro sitio y a leer las declaraciones de privacidad de cualquier otro sitio que recopile informaci\u00f3n personal identificable.<\/p>\n<h2>Encuestas y concursos<\/h2>\n<p>De vez en cuando, nuestro sitio puede solicitar informaci\u00f3n a trav\u00e9s de encuestas o concursos. La participaci\u00f3n en estas encuestas o concursos es totalmente voluntaria y el usuario puede decidir participar o no y, por tanto, revelar esta informaci\u00f3n. La informaci\u00f3n solicitada puede incluir datos de contacto (como nombre y direcci\u00f3n de env\u00edo) e informaci\u00f3n demogr\u00e1fica (como c\u00f3digo postal o edad). La informaci\u00f3n de contacto se utilizar\u00e1 para notificar a los ganadores y entregar los premios. La informaci\u00f3n de la encuesta se utilizar\u00e1 para supervisar o mejorar el uso y la satisfacci\u00f3n de este sitio.<\/p>\n<h2>Consentimiento<\/h2>\n<p>Al utilizar este sitio web, usted da su consentimiento a la recopilaci\u00f3n y uso de la informaci\u00f3n seg\u00fan lo especificado anteriormente. Si introducimos cambios en nuestra Pol\u00edtica de Privacidad, los publicaremos en esta p\u00e1gina. Consulte esta p\u00e1gina con frecuencia para estar al d\u00eda de la informaci\u00f3n que recopilamos, c\u00f3mo la utilizamos y en qu\u00e9 circunstancias la revelamos. Debe revisar detenidamente la nueva Pol\u00edtica de Privacidad para asegurarse de que comprende nuestras pr\u00e1cticas y procedimientos.<\/p>\n<p><strong>Si crees que no estamos cumpliendo esta pol\u00edtica de privacidad, debes ponerte en contacto con nosotros inmediatamente por tel\u00e9fono llamando al <\/strong><strong>(469) 426-1861 o por correo <br>Attn: The Law Office of Oscar Mendoza<br>Privacy Officer,<br><\/strong><\/p>\n<p class=\"elementor-icon-box-title\" style=\"font-size: 17px; font-style: normal; font-weight: var( --e-global-typography-primary-font-weight ); margin-bottom: 5px; color: rgb(1, 44, 109); font-family: var( --e-global-typography-primary-font-family ), Sans-serif;\"><a href=\"https:\/\/maps.app.goo.gl\/D6XybHYyPrPoaBXH6\" style=\"text-decoration-line: none; font-family: var( --e-global-typography-primary-font-family ), Sans-serif; font-weight: var( --e-global-typography-primary-font-weight );\" rel=\"noopener\">15305 Dallas Pkwy Piso 12<\/a><\/p>\n<p class=\"elementor-icon-box-description\" style=\"font-size: 13px; font-style: normal; font-weight: 400; margin-bottom: 0px; color: var( --e-global-color-text ); font-family: var( --e-global-typography-text-font-family ), Sans-serif;\">Addison, TX 75001<\/p>\t\t\t\t\t\t\t\t<\/div>\n\t\t\t\t<\/div>\n\t\t\t\t\t<\/div>\n\t\t<\/div>\n\t\t\t\t\t<\/div>\n\t\t<\/section>\n\t\t\t\t<\/div>\n\t\t","protected":false},"excerpt":{"rendered":"<p>Pol\u00edtica de privacidad Somos conscientes de que puede preocuparle el uso y la divulgaci\u00f3n que hacemos de su informaci\u00f3n personal. [&hellip;]<\/p>\n","protected":false},"author":123458,"featured_media":0,"parent":0,"menu_order":0,"comment_status":"closed","ping_status":"closed","template":"","meta":{"site-sidebar-layout":"no-sidebar","site-content-layout":"","ast-site-content-layout":"full-width-container","site-content-style":"default","site-sidebar-style":"default","ast-global-header-display":"","ast-banner-title-visibility":"","ast-main-header-display":"","ast-hfb-above-header-display":"","ast-hfb-below-header-display":"","ast-hfb-mobile-header-display":"","site-post-title":"disabled","ast-breadcrumbs-content":"","ast-featured-img":"disabled","footer-sml-layout":"","ast-disable-related-posts":"","theme-transparent-header-meta":"","adv-header-id-meta":"","stick-header-meta":"","header-above-stick-meta":"","header-main-stick-meta":"","header-below-stick-meta":"","astra-migrate-meta-layouts":"default","ast-page-background-enabled":"default","ast-page-background-meta":{"desktop":{"background-color":"var(--ast-global-color-4)","background-image":"","background-repeat":"repeat","background-position":"center center","background-size":"auto","background-attachment":"scroll","background-type":"","background-media":"","overlay-type":"","overlay-color":"","overlay-opacity":"","overlay-gradient":""},"tablet":{"background-color":"","background-image":"","background-repeat":"repeat","background-position":"center center","background-size":"auto","background-attachment":"scroll","background-type":"","background-media":"","overlay-type":"","overlay-color":"","overlay-opacity":"","overlay-gradient":""},"mobile":{"background-color":"","background-image":"","background-repeat":"repeat","background-position":"center center","background-size":"auto","background-attachment":"scroll","background-type":"","background-media":"","overlay-type":"","overlay-color":"","overlay-opacity":"","overlay-gradient":""}},"ast-content-background-meta":{"desktop":{"background-color":"var(--ast-global-color-5)","background-image":"","background-repeat":"repeat","background-position":"center center","background-size":"auto","background-attachment":"scroll","background-type":"","background-media":"","overlay-type":"","overlay-color":"","overlay-opacity":"","overlay-gradient":""},"tablet":{"background-color":"var(--ast-global-color-5)","background-image":"","background-repeat":"repeat","background-position":"center center","background-size":"auto","background-attachment":"scroll","background-type":"","background-media":"","overlay-type":"","overlay-color":"","overlay-opacity":"","overlay-gradient":""},"mobile":{"background-color":"var(--ast-global-color-5)","background-image":"","background-repeat":"repeat","background-position":"center center","background-size":"auto","background-attachment":"scroll","background-type":"","background-media":"","overlay-type":"","overlay-color":"","overlay-opacity":"","overlay-gradient":""}},"_joinchat":[],"footnotes":""},"class_list":["post-8838","page","type-page","status-publish","hentry"],"_links":{"self":[{"href":"https:\/\/oscarmendozalaw.com\/es\/wp-json\/wp\/v2\/pages\/8838","targetHints":{"allow":["GET"]}}],"collection":[{"href":"https:\/\/oscarmendozalaw.com\/es\/wp-json\/wp\/v2\/pages"}],"about":[{"href":"https:\/\/oscarmendozalaw.com\/es\/wp-json\/wp\/v2\/types\/page"}],"author":[{"embeddable":true,"href":"https:\/\/oscarmendozalaw.com\/es\/wp-json\/wp\/v2\/users\/123458"}],"replies":[{"embeddable":true,"href":"https:\/\/oscarmendozalaw.com\/es\/wp-json\/wp\/v2\/comments?post=8838"}],"version-history":[{"count":3,"href":"https:\/\/oscarmendozalaw.com\/es\/wp-json\/wp\/v2\/pages\/8838\/revisions"}],"predecessor-version":[{"id":207399,"href":"https:\/\/oscarmendozalaw.com\/es\/wp-json\/wp\/v2\/pages\/8838\/revisions\/207399"}],"wp:attachment":[{"href":"https:\/\/oscarmendozalaw.com\/es\/wp-json\/wp\/v2\/media?parent=8838"}],"curies":[{"name":"wp","href":"https:\/\/api.w.org\/{rel}","templated":true}]}}